{"id":3,"date":"2024-07-03T17:53:37","date_gmt":"2024-07-03T16:53:37","guid":{"rendered":"https:\/\/cmlcargo.com\/tr\/?page_id=3"},"modified":"2024-12-22T15:58:39","modified_gmt":"2024-12-22T15:58:39","slug":"gizlilik-politikasi","status":"publish","type":"page","link":"https:\/\/cmlcargo.com\/tr\/gizlilik-politikasi\/","title":{"rendered":"Gizlilik Politikas\u0131"},"content":{"rendered":"\n<p>CML Cargo Limited, gizlili\u011finizin sizin i\u00e7in \u00f6nemli oldu\u011funu ve ki\u015fisel verilerinizin nas\u0131l kullan\u0131ld\u0131\u011f\u0131n\u0131 \u00f6nemseyerek, gizlili\u011finizin korunmas\u0131na kararl\u0131 bir \u015fekilde yakla\u015fmaktad\u0131r. Bu gizlilik bildirimi, ki\u015fisel verilerinizi nas\u0131l korudu\u011fumuzu, gizlilik haklar\u0131n\u0131z\u0131 ve yasal koruman\u0131z\u0131 nas\u0131l sa\u011flad\u0131\u011f\u0131n\u0131 anlatmaktad\u0131r. Ki\u015fisel veri, kimli\u011finizin belirlenebilece\u011fi herhangi bir bilgiyi ifade eder. Kimli\u011finizin kald\u0131r\u0131ld\u0131\u011f\u0131 veriler bu kapsama girmez.<br>Bu gizlilik bildirimi, ki\u015fisel verilerinizi bize do\u011frudan sa\u011flad\u0131\u011f\u0131n\u0131zda veya ba\u015fkalar\u0131n\u0131n verilerinizi bize sa\u011flad\u0131\u011f\u0131 durumlarda ge\u00e7erlidir.<br>L\u00fctfen bu gizlilik bildirimini tam olarak okuyun, b\u00f6ylece ki\u015fisel verilerinizin nas\u0131l kullan\u0131ld\u0131\u011f\u0131n\u0131 anlayabilirsiniz.<br>Verilerinizi toplad\u0131\u011f\u0131m\u0131z \u00f6zel durumlarda, toplama veya i\u015fleme amac\u0131yla ba\u015fka gizlilik bildirileri de sa\u011flayabiliriz. Bu gizlilik bildirisi, bu bildirilere ek olarak ge\u00e7erli olup, onlar\u0131 ge\u00e7ersiz k\u0131lmay\u0131 ama\u00e7lamamaktad\u0131r.<\/p>\n\n\n\n<p>HANG\u0130 K\u0130\u015e\u0130SEL VER\u0130LER\u0130 TOPLUYORUZ?<br>A\u015fa\u011f\u0131da s\u0131ralanan ki\u015fisel verilerin bir k\u0131sm\u0131n\u0131 veya tamam\u0131n\u0131 toplayabiliriz. Bu veriler, sizinle olan ili\u015fkimize g\u00f6re de\u011fi\u015febilir:<br>Kimlik Verileri: Ad, soyad;<br>\u0130leti\u015fim Verileri: \u0130\u015fletme ad\u0131, posta adresi, e-posta adresi ve telefon numaralar\u0131;<br>Yaz\u0131\u015fma Verileri: Bize g\u00f6nderdi\u011finiz veya bizim size g\u00f6nderdi\u011fimiz yaz\u0131\u015fmalarla ilgili ki\u015fisel bilgiler;<br>Mali Veriler: Banka hesab\u0131 ve fatura bilgileri;<br>\u0130\u015flem Verileri: Size yap\u0131lan \u00f6demeler ve sizden yap\u0131lan \u00f6demelerle ilgili detaylar ve size sa\u011flad\u0131\u011f\u0131m\u0131z veya bizim sa\u011flad\u0131\u011f\u0131m\u0131z di\u011fer \u00fcr\u00fcn ve hizmetlerle ilgili veriler;<br>Kullan\u0131m Verileri: Web sitemizi kullan\u0131m\u0131n\u0131za dair veriler. Bu veriler IP adresi, co\u011frafi konum, taray\u0131c\u0131 t\u00fcr\u00fc ve s\u00fcr\u00fcm\u00fc, i\u015fletim sistemi, y\u00f6nlendirme kayna\u011f\u0131, ziyaret s\u00fcresi, sayfa g\u00f6r\u00fcnt\u00fclemeleri ve web sitesi gezinme yollar\u0131 ile hizmet kullan\u0131m zaman\u0131, s\u0131kl\u0131\u011f\u0131 ve paterni hakk\u0131nda bilgileri i\u00e7erebilir;<br>Pazarlama ve \u0130leti\u015fim Verileri: Bizim ve \u00fc\u00e7\u00fcnc\u00fc taraflar\u0131m\u0131zdan pazarlama almay\u0131 tercih edip etmedi\u011finiz ve ileti\u015fim tercihlerinizi i\u00e7erebilir.<\/p>\n\n\n\n<p>VER\u0130LER\u0130N\u0130Z\u0130 NASIL TOPLUYORUZ?<br>Veri toplamak i\u00e7in \u00e7e\u015fitli y\u00f6ntemler kullan\u0131yoruz, bunlar \u015funlard\u0131r:<br>Do\u011frudan etkile\u015fimler. Kimlik, \u0130leti\u015fim, Yaz\u0131\u015fma, Pazarlama ve \u0130leti\u015fim, Mali ve \u0130\u015flem verilerinizi, formlar\u0131 doldurarak veya posta, telefon, e-posta, y\u00fcz y\u00fcze, sosyal medya arac\u0131l\u0131\u011f\u0131yla, web sitemiz \u00fczerinden veya ba\u015fka \u015fekilde bizimle ileti\u015fime ge\u00e7erek sa\u011flayabilirsiniz.<br>Bu, ki\u015fisel verilerinizi sa\u011flad\u0131\u011f\u0131n\u0131zda ge\u00e7erli olan durumlar\u0131 i\u00e7erir:<br>hizmetlerimiz hakk\u0131nda soru sormak;<br>hizmetlerimizi sat\u0131n almak;<br>bize hizmet veya \u00fcr\u00fcn sa\u011flamak;<br>pazarlama veya di\u011fer bilgileri talep etmek;<br>bizi ziyaret etmek;<br>bizimle ileti\u015fim kurmak (telefonla dahil); veya<br>geri bildirim sa\u011flamak.<br>Otomatik teknolojiler veya etkile\u015fimler. Web sitemizle etkile\u015fime ge\u00e7ti\u011finizde veya hizmetlerimizi kulland\u0131\u011f\u0131n\u0131zda, ekipman\u0131n\u0131z, gezinme eylemleriniz ve desenleriniz hakk\u0131nda otomatik olarak Kullan\u0131m Verisi toplayabiliriz. Bu veriyi \u00e7erezler ve benzeri teknolojiler kullanarak toplar\u0131z. \u00c7erezler hakk\u0131nda daha fazla bilgi i\u00e7in a\u015fa\u011f\u0131daki B\u00f6l\u00fcm 4\u2019e bak\u0131n\u0131z.<br>\u00dc\u00e7\u00fcnc\u00fc taraflar veya kamuya a\u00e7\u0131k kaynaklar. A\u015fa\u011f\u0131da belirtildi\u011fi gibi \u00e7e\u015fitli \u00fc\u00e7\u00fcnc\u00fc taraflardan (kamuya a\u00e7\u0131k kaynaklar da dahil) ki\u015fisel veriler alabiliriz:<br>Kullan\u0131m Verisi sa\u011flay\u0131c\u0131lar\u0131ndan, \u00f6rne\u011fin Google Analytics;<br>Kimlik ve \u0130leti\u015fim Verileri veri sat\u0131c\u0131lar\u0131 veya agregat\u00f6rlerinden;<br>Kimlik ve \u0130leti\u015fim Verileri kamuya a\u00e7\u0131k kaynaklardan, \u00f6rne\u011fin \u015eirketler Evi veya \u015firket web sitelerinden;<br>Kimlik ve \u0130leti\u015fim Verileri, i\u015fvereniniz taraf\u0131ndan sa\u011fland\u0131\u011f\u0131nda, i\u015fvereniniz bize \u00fcr\u00fcn veya hizmet sa\u011fl\u0131yorsa veya biz i\u015fvereninize hizmet sa\u011fl\u0131yorsak.<\/p>\n\n\n\n<p>K\u0130\u015e\u0130SEL VER\u0130LER\u0130N\u0130Z\u0130 NASIL KULLANIYORUZ?<br>Veri koruma yasalar\u0131na uygun olarak, ki\u015fisel verilerinizi yaln\u0131zca yasal bir dayana\u011f\u0131m\u0131z oldu\u011funda i\u015fleriz.<br>\u00c7o\u011funlukla, ki\u015fisel verilerinizi \u015fu durumlarda kullan\u0131r\u0131z:<br>Sizinle yapmay\u0131 planlad\u0131\u011f\u0131m\u0131z veya yapt\u0131\u011f\u0131m\u0131z s\u00f6zle\u015fmeyi yerine getirmemiz gerekti\u011finde.<br>Me\u015fru menfaatlerimiz i\u00e7in gerekli oldu\u011funda (veya \u00fc\u00e7\u00fcnc\u00fc taraflar\u0131n menfaatleri i\u00e7in) ve sizin menfaatleriniz ile temel haklar\u0131n\u0131z bu menfaatleri ge\u00e7ersiz k\u0131lmad\u0131\u011f\u0131nda.<br>Yasal veya d\u00fczenleyici bir y\u00fck\u00fcml\u00fcl\u00fc\u011fe uymam\u0131z gerekti\u011finde.<br>Bazen, belirli ki\u015fisel verilerinizin toplanmas\u0131na ve kullan\u0131lmas\u0131na onay vermenizi isteyebiliriz. Onay\u0131n\u0131z\u0131 istedi\u011finiz zaman geri \u00e7ekme hakk\u0131n\u0131z vard\u0131r.<\/p>\n\n\n\n<p>Ki\u015fisel verileriniz \u015fu ama\u00e7larla kullan\u0131labilir. Verilerinizi kullanma amac\u0131m\u0131za g\u00f6re birden fazla yasal dayanak \u00fczerinden ki\u015fisel verilerinizi i\u015fleyebiliriz. Verilerinizi i\u015flemek i\u00e7in hangi yasal dayana\u011fa dayand\u0131\u011f\u0131m\u0131za dair ayr\u0131nt\u0131lar\u0131 \u00f6\u011frenmek isterseniz bizimle ileti\u015fime ge\u00e7ebilirsiniz:<br>Hizmetlerimizi size veya i\u015fvereninize sa\u011flamak. \u0130\u015fleme dayana\u011f\u0131m\u0131z, sizinle yapt\u0131\u011f\u0131m\u0131z bir s\u00f6zle\u015fmenin yerine getirilmesi veya me\u015fru menfaatlerimizdir (s\u00f6zle\u015fmelerimizin yerine getirilmesi, hukuki ve s\u00f6zle\u015fmesel haklar\u0131m\u0131z\u0131n uygulanmas\u0131, i\u015fimizi d\u00fczg\u00fcn y\u00f6netmek).<br>Hizmetlerimizi sizin veya i\u015fvereniniz i\u00e7in ki\u015fiselle\u015ftirmek ve \u00f6zelle\u015ftirmek. \u0130\u015fleme dayana\u011f\u0131m\u0131z, me\u015fru menfaatlerimizdir (i\u015fimizi ve hizmetlerimizi geli\u015ftirme).<br>\u0130li\u015fkimizi y\u00f6netmek (sorular\u0131 ve talepleri yan\u0131tlamak dahil). \u0130\u015fleme dayana\u011f\u0131m\u0131z, sizinle yapt\u0131\u011f\u0131m\u0131z s\u00f6zle\u015fmenin yerine getirilmesi veya me\u015fru menfaatlerimizdir (i\u015fimizin d\u00fczg\u00fcn y\u00f6netilmesi, kay\u0131tlar\u0131m\u0131z\u0131n g\u00fcncellenmesi ve i\u015fimizi ve hizmetlerimizi geli\u015ftirmek).<br>Sizinle veya i\u015fvereninizle ticaret yapmak, sizin veya i\u015fvereninizden hizmet veya \u00fcr\u00fcn almak. \u0130\u015fleme dayana\u011f\u0131m\u0131z, sizinle yapt\u0131\u011f\u0131m\u0131z s\u00f6zle\u015fmenin yerine getirilmesi veya me\u015fru menfaatlerimizdir (s\u00f6zle\u015fmelerimizin yerine getirilmesi, hukuki ve s\u00f6zle\u015fmesel haklar\u0131m\u0131z\u0131n uygulanmas\u0131, i\u015fimizin d\u00fczg\u00fcn y\u00f6netilmesi).<\/p>\n\n\n\n<p>Pazarlama<br>Pazarlama ileti\u015fimi g\u00f6nderebiliriz:<br>posta ile, e\u011fer bu pazarlamay\u0131 almay\u0131 reddetmediyseniz;<br>e-posta ile, \u00f6zel onay verdiyseniz.<\/p>\n\n\n\n<p>\u00dc\u00e7\u00fcnc\u00fc taraf pazarlama<br>Ki\u015fisel verilerinizi, a\u00e7\u0131k onay\u0131n\u0131z olmadan, grubumuzdaki herhangi bir \u015firketle pazarlama ama\u00e7lar\u0131yla payla\u015fmayaca\u011f\u0131z.<\/p>\n\n\n\n<p>\u00c7erezler<br>Web sitemizi kullan\u0131rken Google Analytics kullanarak web sitemizi analiz ediyoruz. Google Analytics, \u00e7erezler kullanarak web sitesi kullan\u0131m bilgisi toplar. Bu bilgiler, web sitemizin kullan\u0131m\u0131na ili\u015fkin raporlar olu\u015fturmak i\u00e7in kullan\u0131l\u0131r. Bu bilgiler, kimseyi tan\u0131mlamadan i\u015flenir. Google&#8217;\u0131n bu verileri kimliklerinizi belirlemek amac\u0131yla kullanmas\u0131na izin vermiyoruz.<\/p>\n\n\n\n<p><strong>B\u0130Z\u0130 NASIL \u0130LET\u0130\u015e\u0130ME GE\u00c7ERS\u0130N\u0130Z?<\/strong><br>Bu gizlilik bildirimi hakk\u0131nda herhangi bir sorunuz varsa veya yasal haklar\u0131n\u0131z\u0131 kullanmak i\u00e7in bir talebiniz bulunuyorsa, l\u00fctfen a\u015fa\u011f\u0131daki \u015fekilde Veri Gizlili\u011fi Y\u00f6neticimizle ileti\u015fime ge\u00e7in:<br><strong>E-posta adresi:<\/strong> FAO Veri Gizlili\u011fi Y\u00f6neticisi; <a>info@cmlcargo.co.uk<\/a><\/p>\n\n\n\n<p><strong>BU G\u0130ZL\u0130L\u0130K B\u0130LD\u0130R\u0130M\u0130NDE YAPILAN DE\u011e\u0130\u015e\u0130KL\u0130KLER<\/strong><br>Bu Gizlilik Bildirimini zaman zaman, web sitemizde yeni bir versiyon yay\u0131nlayarak de\u011fi\u015ftirebiliriz. Bu, \u00f6rne\u011fin yasal de\u011fi\u015fiklikler veya ki\u015fisel veri koruma \u00fczerindeki etkileri nedeniyle i\u015fimizi de\u011fi\u015ftirmemiz durumunda gerekebilir. Politika de\u011fi\u015fikliklerini veya g\u00fcncellemeleri g\u00f6rmek i\u00e7in bu sayfay\u0131 ara s\u0131ra kontrol etmenizi \u00f6neririz.<\/p>\n\n\n\n<p><\/p>\n","protected":false},"excerpt":{"rendered":"<p>CML Cargo Limited, gizlili\u011finizin sizin i\u00e7in \u00f6nemli oldu\u011funu ve ki\u015fisel verilerinizin nas\u0131l kullan\u0131ld\u0131\u011f\u0131n\u0131 \u00f6nemseyerek, gizlili\u011finizin korunmas\u0131na kararl\u0131 bir \u015fekilde yakla\u015fmaktad\u0131r. Bu gizlilik bildirimi, ki\u015fisel verilerinizi nas\u0131l korudu\u011fumuzu, gizlilik haklar\u0131n\u0131z\u0131 ve yasal koruman\u0131z\u0131 nas\u0131l sa\u011flad\u0131\u011f\u0131n\u0131 anlatmaktad\u0131r. Ki\u015fisel veri, kimli\u011finizin belirlenebilece\u011fi herhangi bir bilgiyi ifade eder. Kimli\u011finizin kald\u0131r\u0131ld\u0131\u011f\u0131 veriler bu kapsama girmez.Bu gizlilik bildirimi, ki\u015fisel verilerinizi bize [&hellip;]<\/p>\n","protected":false},"author":1,"featured_media":0,"parent":0,"menu_order":0,"comment_status":"closed","ping_status":"open","template":"","meta":{"footnotes":""},"class_list":["post-3","page","type-page","status-publish","hentry"],"yoast_head":"<!-- This site is optimized with the Yoast SEO plugin v24.5 - https:\/\/yoast.com\/wordpress\/plugins\/seo\/ -->\n<title>CML Cargo Gizlilik Politikas\u0131 - Ki\u015fisel Veri Koruma<\/title>\n<meta name=\"description\" content=\"CML Cargo Gizlilik Politikas\u0131, ki\u015fisel verilerin korunmas\u0131 ve nas\u0131l kullan\u0131ld\u0131\u011f\u0131n\u0131 a\u00e7\u0131klar. Verilerinizin g\u00fcvenli\u011fi hakk\u0131nda bilgi al\u0131n.\" \/>\n<meta name=\"robots\" content=\"index, follow, max-snippet:-1, max-image-preview:large, max-video-preview:-1\" \/>\n<link rel=\"canonical\" href=\"https:\/\/cmlcargo.com\/tr\/gizlilik-politikasi\/\" \/>\n<meta property=\"og:locale\" content=\"en_GB\" \/>\n<meta property=\"og:type\" content=\"article\" \/>\n<meta property=\"og:title\" content=\"CML Cargo Gizlilik Politikas\u0131 - Ki\u015fisel Veri Koruma\" \/>\n<meta property=\"og:description\" content=\"CML Cargo Gizlilik Politikas\u0131, ki\u015fisel verilerin korunmas\u0131 ve nas\u0131l kullan\u0131ld\u0131\u011f\u0131n\u0131 a\u00e7\u0131klar. Verilerinizin g\u00fcvenli\u011fi hakk\u0131nda bilgi al\u0131n.\" \/>\n<meta property=\"og:url\" content=\"https:\/\/cmlcargo.com\/tr\/gizlilik-politikasi\/\" \/>\n<meta property=\"og:site_name\" content=\"CML KARGO\" \/>\n<meta property=\"article:modified_time\" content=\"2024-12-22T15:58:39+00:00\" \/>\n<meta name=\"twitter:card\" content=\"summary_large_image\" \/>\n<meta name=\"twitter:label1\" content=\"Estimated reading time\" \/>\n\t<meta name=\"twitter:data1\" content=\"4 minutes\" \/>\n<script type=\"application\/ld+json\" class=\"yoast-schema-graph\">{\"@context\":\"https:\/\/schema.org\",\"@graph\":[{\"@type\":\"WebPage\",\"@id\":\"https:\/\/cmlcargo.com\/tr\/gizlilik-politikasi\/\",\"url\":\"https:\/\/cmlcargo.com\/tr\/gizlilik-politikasi\/\",\"name\":\"CML Cargo Gizlilik Politikas\u0131 - Ki\u015fisel Veri Koruma\",\"isPartOf\":{\"@id\":\"https:\/\/cmlcargo.com\/tr\/#website\"},\"datePublished\":\"2024-07-03T16:53:37+00:00\",\"dateModified\":\"2024-12-22T15:58:39+00:00\",\"description\":\"CML Cargo Gizlilik Politikas\u0131, ki\u015fisel verilerin korunmas\u0131 ve nas\u0131l kullan\u0131ld\u0131\u011f\u0131n\u0131 a\u00e7\u0131klar. Verilerinizin g\u00fcvenli\u011fi hakk\u0131nda bilgi al\u0131n.\",\"breadcrumb\":{\"@id\":\"https:\/\/cmlcargo.com\/tr\/gizlilik-politikasi\/#breadcrumb\"},\"inLanguage\":\"en-GB\",\"potentialAction\":[{\"@type\":\"ReadAction\",\"target\":[\"https:\/\/cmlcargo.com\/tr\/gizlilik-politikasi\/\"]}]},{\"@type\":\"BreadcrumbList\",\"@id\":\"https:\/\/cmlcargo.com\/tr\/gizlilik-politikasi\/#breadcrumb\",\"itemListElement\":[{\"@type\":\"ListItem\",\"position\":1,\"name\":\"Home\",\"item\":\"https:\/\/cmlcargo.com\/tr\/\"},{\"@type\":\"ListItem\",\"position\":2,\"name\":\"Gizlilik Politikas\u0131\"}]},{\"@type\":\"WebSite\",\"@id\":\"https:\/\/cmlcargo.com\/tr\/#website\",\"url\":\"https:\/\/cmlcargo.com\/tr\/\",\"name\":\"CML Cargo Turkey - International Removals\",\"description\":\"\",\"potentialAction\":[{\"@type\":\"SearchAction\",\"target\":{\"@type\":\"EntryPoint\",\"urlTemplate\":\"https:\/\/cmlcargo.com\/tr\/?s={search_term_string}\"},\"query-input\":{\"@type\":\"PropertyValueSpecification\",\"valueRequired\":true,\"valueName\":\"search_term_string\"}}],\"inLanguage\":\"en-GB\"}]}<\/script>\n<!-- \/ Yoast SEO plugin. -->","yoast_head_json":{"title":"CML Cargo Gizlilik Politikas\u0131 - Ki\u015fisel Veri Koruma","description":"CML Cargo Gizlilik Politikas\u0131, ki\u015fisel verilerin korunmas\u0131 ve nas\u0131l kullan\u0131ld\u0131\u011f\u0131n\u0131 a\u00e7\u0131klar. Verilerinizin g\u00fcvenli\u011fi hakk\u0131nda bilgi al\u0131n.","robots":{"index":"index","follow":"follow","max-snippet":"max-snippet:-1","max-image-preview":"max-image-preview:large","max-video-preview":"max-video-preview:-1"},"canonical":"https:\/\/cmlcargo.com\/tr\/gizlilik-politikasi\/","og_locale":"en_GB","og_type":"article","og_title":"CML Cargo Gizlilik Politikas\u0131 - Ki\u015fisel Veri Koruma","og_description":"CML Cargo Gizlilik Politikas\u0131, ki\u015fisel verilerin korunmas\u0131 ve nas\u0131l kullan\u0131ld\u0131\u011f\u0131n\u0131 a\u00e7\u0131klar. Verilerinizin g\u00fcvenli\u011fi hakk\u0131nda bilgi al\u0131n.","og_url":"https:\/\/cmlcargo.com\/tr\/gizlilik-politikasi\/","og_site_name":"CML KARGO","article_modified_time":"2024-12-22T15:58:39+00:00","twitter_card":"summary_large_image","twitter_misc":{"Estimated reading time":"4 minutes"},"schema":{"@context":"https:\/\/schema.org","@graph":[{"@type":"WebPage","@id":"https:\/\/cmlcargo.com\/tr\/gizlilik-politikasi\/","url":"https:\/\/cmlcargo.com\/tr\/gizlilik-politikasi\/","name":"CML Cargo Gizlilik Politikas\u0131 - Ki\u015fisel Veri Koruma","isPartOf":{"@id":"https:\/\/cmlcargo.com\/tr\/#website"},"datePublished":"2024-07-03T16:53:37+00:00","dateModified":"2024-12-22T15:58:39+00:00","description":"CML Cargo Gizlilik Politikas\u0131, ki\u015fisel verilerin korunmas\u0131 ve nas\u0131l kullan\u0131ld\u0131\u011f\u0131n\u0131 a\u00e7\u0131klar. Verilerinizin g\u00fcvenli\u011fi hakk\u0131nda bilgi al\u0131n.","breadcrumb":{"@id":"https:\/\/cmlcargo.com\/tr\/gizlilik-politikasi\/#breadcrumb"},"inLanguage":"en-GB","potentialAction":[{"@type":"ReadAction","target":["https:\/\/cmlcargo.com\/tr\/gizlilik-politikasi\/"]}]},{"@type":"BreadcrumbList","@id":"https:\/\/cmlcargo.com\/tr\/gizlilik-politikasi\/#breadcrumb","itemListElement":[{"@type":"ListItem","position":1,"name":"Home","item":"https:\/\/cmlcargo.com\/tr\/"},{"@type":"ListItem","position":2,"name":"Gizlilik Politikas\u0131"}]},{"@type":"WebSite","@id":"https:\/\/cmlcargo.com\/tr\/#website","url":"https:\/\/cmlcargo.com\/tr\/","name":"CML Cargo Turkey - International Removals","description":"","potentialAction":[{"@type":"SearchAction","target":{"@type":"EntryPoint","urlTemplate":"https:\/\/cmlcargo.com\/tr\/?s={search_term_string}"},"query-input":{"@type":"PropertyValueSpecification","valueRequired":true,"valueName":"search_term_string"}}],"inLanguage":"en-GB"}]}},"_links":{"self":[{"href":"https:\/\/cmlcargo.com\/tr\/wp-json\/wp\/v2\/pages\/3","targetHints":{"allow":["GET"]}}],"collection":[{"href":"https:\/\/cmlcargo.com\/tr\/wp-json\/wp\/v2\/pages"}],"about":[{"href":"https:\/\/cmlcargo.com\/tr\/wp-json\/wp\/v2\/types\/page"}],"author":[{"embeddable":true,"href":"https:\/\/cmlcargo.com\/tr\/wp-json\/wp\/v2\/users\/1"}],"replies":[{"embeddable":true,"href":"https:\/\/cmlcargo.com\/tr\/wp-json\/wp\/v2\/comments?post=3"}],"version-history":[{"count":5,"href":"https:\/\/cmlcargo.com\/tr\/wp-json\/wp\/v2\/pages\/3\/revisions"}],"predecessor-version":[{"id":8499,"href":"https:\/\/cmlcargo.com\/tr\/wp-json\/wp\/v2\/pages\/3\/revisions\/8499"}],"wp:attachment":[{"href":"https:\/\/cmlcargo.com\/tr\/wp-json\/wp\/v2\/media?parent=3"}],"curies":[{"name":"wp","href":"https:\/\/api.w.org\/{rel}","templated":true}]}}