{"id":6197,"date":"2024-07-04T04:14:27","date_gmt":"2024-07-04T03:14:27","guid":{"rendered":"https:\/\/cmlcargo.com\/tr\/?page_id=6197"},"modified":"2025-02-12T21:00:48","modified_gmt":"2025-02-12T21:00:48","slug":"iletisim","status":"publish","type":"page","link":"https:\/\/cmlcargo.com\/tr\/iletisim\/","title":{"rendered":"\u0130leti\u015fim"},"content":{"rendered":"\t\t<div data-elementor-type=\"wp-page\" data-elementor-id=\"6197\" class=\"elementor elementor-6197\">\n\t\t\t\t\t\t<section class=\"elementor-section elementor-top-section elementor-element elementor-element-a0ab620 elementor-section-boxed elementor-section-height-default elementor-section-height-default\" data-id=\"a0ab620\" data-element_type=\"section\">\n\t\t\t\t\t\t<div class=\"elementor-container elementor-column-gap-default\">\n\t\t\t\t\t<div class=\"elementor-column elementor-col-100 elementor-top-column elementor-element elementor-element-d125ff8\" data-id=\"d125ff8\" data-element_type=\"column\">\n\t\t\t<div class=\"elementor-widget-wrap elementor-element-populated\">\n\t\t\t\t\t\t<div class=\"elementor-element elementor-element-afac11b elementor-widget elementor-widget-spacer\" data-id=\"afac11b\" data-element_type=\"widget\" data-widget_type=\"spacer.default\">\n\t\t\t\t<div class=\"elementor-widget-container\">\n\t\t\t\t\t\t\t<div class=\"elementor-spacer\">\n\t\t\t<div class=\"elementor-spacer-inner\"><\/div>\n\t\t<\/div>\n\t\t\t\t\t\t<\/div>\n\t\t\t\t<\/div>\n\t\t\t\t\t<\/div>\n\t\t<\/div>\n\t\t\t\t\t<\/div>\n\t\t<\/section>\n\t\t\t\t<section class=\"elementor-section elementor-top-section elementor-element elementor-element-f72f0f1 elementor-section-boxed elementor-section-height-default elementor-section-height-default\" data-id=\"f72f0f1\" data-element_type=\"section\">\n\t\t\t\t\t\t<div class=\"elementor-container elementor-column-gap-default\">\n\t\t\t\t\t<div class=\"elementor-column elementor-col-50 elementor-top-column elementor-element elementor-element-e8cc4d6\" data-id=\"e8cc4d6\" data-element_type=\"column\">\n\t\t\t<div class=\"elementor-widget-wrap elementor-element-populated\">\n\t\t\t\t\t\t<div class=\"elementor-element elementor-element-fc4d687 aleft elementor-widget-icon-box wgl-icon-box elementor-view-bubble elementor-widget elementor-widget-wgl-info-box\" data-id=\"fc4d687\" data-element_type=\"widget\" data-widget_type=\"wgl-info-box.default\">\n\t\t\t\t<div class=\"elementor-widget-container\">\n\t\t\t\t\t<div class=\"wgl-infobox\"><div class=\"wgl-infobox_wrapper wgl-layout-left\"><div class=\"media-wrapper icon-wrapper\"><span class=\"wgl-icon\" ><i class=\"icon elementor-icon flaticon flaticon-paper-plane\" aria-hidden=\"true\"><\/i><\/span><\/div><div class=\"content_wrapper\"><div class=\"wgl-infobox-title_wrapper\"><h3 class=\"wgl-infobox_title\"><span class=\"wgl-infobox_title-idle\">\u0130leti\u015fim<\/span><\/h3><\/div><\/div><\/div><\/div>\t\t\t\t<\/div>\n\t\t\t\t<\/div>\n\t\t\t\t<div class=\"elementor-element elementor-element-55cf1d8 aleft elementor-widget-icon-box wgl-icon-box elementor-view-bubble animation_bubble elementor-widget elementor-widget-wgl-info-box\" data-id=\"55cf1d8\" data-element_type=\"widget\" data-widget_type=\"wgl-info-box.default\">\n\t\t\t\t<div class=\"elementor-widget-container\">\n\t\t\t\t\t<div class=\"wgl-infobox\"><div class=\"wgl-infobox_wrapper wgl-layout-left\"><div class=\"media-wrapper icon-wrapper\"><span class=\"wgl-icon\" ><i class=\"icon elementor-icon flaticon flaticon-location\" aria-hidden=\"true\"><\/i><\/span><\/div><div class=\"content_wrapper\"><div class=\"wgl-infobox-title_wrapper\"><h3 class=\"wgl-infobox_title\"><span class=\"wgl-infobox_title-idle\">Lokasyon<\/span><\/h3><\/div><div class=\"wgl-infobox_content\"><p><a href=\"https:\/\/www.bing.com\/ck\/a?!&amp;&amp;p=90552af9765f48b6JmltdHM9MTcxOTk2NDgwMCZpZ3VpZD0zYjlkZjYwNS05NTRkLTZiYjUtMDdkNi1mOTQ3OTQ0YzZhMDUmaW5zaWQ9NTQ5Mw&amp;ptn=3&amp;ver=2&amp;hsh=3&amp;fclid=3b9df605-954d-6bb5-07d6-f947944c6a05&amp;u=a1L21hcHM_Jm1lcGk9MTA5fn5Ub3BPZlBhZ2V-QWRkcmVzc19MaW5rJnR5PTE4JnE9Q01MJTIwQ2FyZ28mc3M9eXBpZC5ZTjEwMjl4MTA0ODU1MzQwNTg0NDM4NDk4OTcmcHBvaXM9NTEuNjEwMTY0NjQyMzMzOTg0Xy0wLjA3MzI2Njk5NzkzMzM4Nzc2X0NNTCUyMENhcmdvX1lOMTAyOXgxMDQ4NTUzNDA1ODQ0Mzg0OTg5N34mY3A9NTEuNjEwMTY1fi0wLjA3MzI2NyZ2PTImc1Y9MSZGT1JNPU1QU1JQTA&amp;ntb=1\"><span>10 Commercial Rd, Tottenham, <\/span><span>London N18 1TP, United Kingdom<\/span><\/a><\/p><\/div><\/div><\/div><\/div>\t\t\t\t<\/div>\n\t\t\t\t<\/div>\n\t\t\t\t<div class=\"elementor-element elementor-element-c660aa1 aleft elementor-widget-icon-box wgl-icon-box elementor-view-bubble animation_bubble elementor-widget elementor-widget-wgl-info-box\" data-id=\"c660aa1\" data-element_type=\"widget\" data-widget_type=\"wgl-info-box.default\">\n\t\t\t\t<div class=\"elementor-widget-container\">\n\t\t\t\t\t<div class=\"wgl-infobox\"><a class=\"wgl-infobox__link\" href=\"tel:+81231522542\"><\/a><div class=\"wgl-infobox_wrapper wgl-layout-left\"><div class=\"media-wrapper icon-wrapper\"><\/div><div class=\"content_wrapper\"><div class=\"wgl-infobox-title_wrapper\"><h3 class=\"wgl-infobox_title\"><span class=\"wgl-infobox_title-idle\">Telefon:<\/span><\/h3><\/div><div class=\"wgl-infobox_content\"><p><a href=\"tel:+443309999333\">+44 330 9999 333<\/a><\/p><\/div><\/div><\/div><\/div>\t\t\t\t<\/div>\n\t\t\t\t<\/div>\n\t\t\t\t<div class=\"elementor-element elementor-element-084fa88 aleft elementor-widget-icon-box wgl-icon-box elementor-view-bubble animation_bubble elementor-widget elementor-widget-wgl-info-box\" data-id=\"084fa88\" data-element_type=\"widget\" data-widget_type=\"wgl-info-box.default\">\n\t\t\t\t<div class=\"elementor-widget-container\">\n\t\t\t\t\t<div class=\"wgl-infobox\"><a class=\"wgl-infobox__link\" href=\"mailto:transmax@mail.com\"><\/a><div class=\"wgl-infobox_wrapper wgl-layout-left\"><div class=\"media-wrapper icon-wrapper\"><\/div><div class=\"content_wrapper\"><div class=\"wgl-infobox-title_wrapper\"><h3 class=\"wgl-infobox_title\"><span class=\"wgl-infobox_title-idle\">Email:<\/span><\/h3><\/div><div class=\"wgl-infobox_content\"><p><a href=\"mailto:info@cmlcargo.co.uk\">info@cmlcargo.co.uk<\/a><\/p><\/div><\/div><\/div><\/div>\t\t\t\t<\/div>\n\t\t\t\t<\/div>\n\t\t\t\t\t<\/div>\n\t\t<\/div>\n\t\t\t\t<div class=\"elementor-column elementor-col-50 elementor-top-column elementor-element elementor-element-e5838c0 animated-slow elementor-invisible\" data-id=\"e5838c0\" data-element_type=\"column\" data-settings=\"{&quot;animation&quot;:&quot;fadeInUp&quot;,&quot;background_background&quot;:&quot;classic&quot;}\">\n\t\t\t<div class=\"elementor-widget-wrap elementor-element-populated\">\n\t\t\t\t\t\t<div class=\"elementor-element elementor-element-d352a4c elementor-widget elementor-widget-heading\" data-id=\"d352a4c\" data-element_type=\"widget\" data-widget_type=\"heading.default\">\n\t\t\t\t<div class=\"elementor-widget-container\">\n\t\t\t\t\t<h3 class=\"elementor-heading-title elementor-size-default\">Bize Ula\u015f\u0131n\n\n\n\n\n\n\n\n<\/h3>\t\t\t\t<\/div>\n\t\t\t\t<\/div>\n\t\t\t\t<div class=\"elementor-element elementor-element-7908e3f elementor-widget elementor-widget-text-editor\" data-id=\"7908e3f\" data-element_type=\"widget\" data-widget_type=\"text-editor.default\">\n\t\t\t\t<div class=\"elementor-widget-container\">\n\t\t\t\t\t\t\t\t\tBizi aray\u0131n, bize bir e-posta g\u00f6nderin veya ileti\u015fim formunu doldurun, en k\u0131sa s\u00fcrede size geri d\u00f6n\u00fc\u015f yapaca\u011f\u0131z.\n\n\n\n\n\n\n\n\t\t\t\t\t\t\t\t<\/div>\n\t\t\t\t<\/div>\n\t\t\t\t<div class=\"elementor-element elementor-element-a69b14a elementor-widget elementor-widget-wpforms\" data-id=\"a69b14a\" data-element_type=\"widget\" data-widget_type=\"wpforms.default\">\n\t\t\t\t<div class=\"elementor-widget-container\">\n\t\t\t\t\t<style id=\"wpforms-css-vars-elementor-widget-a69b14a\">\n\t\t\t\t.elementor-widget-wpforms.elementor-element-a69b14a {\n\t\t\t\t--wpforms-button-background-color: #FABB10;\n--wpforms-field-size-input-height: 43px;\n--wpforms-field-size-input-spacing: 15px;\n--wpforms-field-size-font-size: 16px;\n--wpforms-field-size-line-height: 19px;\n--wpforms-field-size-padding-h: 14px;\n--wpforms-field-size-checkbox-size: 16px;\n--wpforms-field-size-sublabel-spacing: 5px;\n--wpforms-field-size-icon-size: 1;\n--wpforms-label-size-font-size: 16px;\n--wpforms-label-size-line-height: 19px;\n--wpforms-label-size-sublabel-font-size: 14px;\n--wpforms-label-size-sublabel-line-height: 17px;\n--wpforms-button-size-font-size: 17px;\n--wpforms-button-size-height: 41px;\n--wpforms-button-size-padding-h: 15px;\n--wpforms-button-size-margin-top: 10px;\n\n\t\t\t}\n\t\t\t<\/style><div class=\"wpforms-container wpforms-container-full wpforms-render-modern\" id=\"wpforms-7707\"><form id=\"wpforms-form-7707\" class=\"wpforms-validate wpforms-form wpforms-ajax-form\" data-formid=\"7707\" method=\"post\" enctype=\"multipart\/form-data\" action=\"\/tr\/wp-json\/wp\/v2\/pages\/6197\" data-token=\"8c12d9ea24993b7197f8b41de1e93249\" data-token-time=\"1776957036\"><noscript class=\"wpforms-error-noscript\">Please enable JavaScript in your browser to complete this form.<\/noscript><div class=\"wpforms-hidden\" id=\"wpforms-error-noscript\">Please enable JavaScript in your browser to complete this form.<\/div><div class=\"wpforms-field-container\"><div id=\"wpforms-7707-field_0-container\" class=\"wpforms-field wpforms-field-name\" data-field-id=\"0\"><label class=\"wpforms-field-label\" for=\"wpforms-7707-field_0\">Name <span class=\"wpforms-required-label\" aria-hidden=\"true\">*<\/span><\/label><input type=\"text\" id=\"wpforms-7707-field_0\" class=\"wpforms-field-large wpforms-field-required\" name=\"wpforms[fields][0]\" aria-errormessage=\"wpforms-7707-field_0-error\" required><\/div><div id=\"wpforms-7707-field_1-container\" class=\"wpforms-field wpforms-field-email\" data-field-id=\"1\"><label class=\"wpforms-field-label\" for=\"wpforms-7707-field_1\">Email <span class=\"wpforms-required-label\" aria-hidden=\"true\">*<\/span><\/label><input type=\"email\" id=\"wpforms-7707-field_1\" class=\"wpforms-field-large wpforms-field-required\" name=\"wpforms[fields][1]\" spellcheck=\"false\" aria-errormessage=\"wpforms-7707-field_1-error\" required><\/div><\/div><!-- .wpforms-field-container --><div class=\"wpforms-recaptcha-container wpforms-is-recaptcha wpforms-is-recaptcha-type-v3\" ><input type=\"hidden\" name=\"wpforms[recaptcha]\" value=\"\"><\/div><div class=\"wpforms-submit-container\" ><input type=\"hidden\" name=\"wpforms[id]\" value=\"7707\"><input type=\"hidden\" name=\"page_title\" value=\"\"><input type=\"hidden\" name=\"page_url\" value=\"https:\/\/cmlcargo.com\/tr\/wp-json\/wp\/v2\/pages\/6197\"><button type=\"submit\" name=\"wpforms[submit]\" id=\"wpforms-submit-7707\" class=\"wpforms-submit\" data-alt-text=\"Sending...\" data-submit-text=\"Submit\" aria-live=\"assertive\" value=\"wpforms-submit\">Submit<\/button><img decoding=\"async\" src=\"https:\/\/cmlcargo.com\/tr\/wp-content\/plugins\/wpforms-lite\/assets\/images\/submit-spin.svg\" class=\"wpforms-submit-spinner\" style=\"display: none;\" width=\"26\" height=\"26\" alt=\"Loading\"><\/div><\/form><\/div>  <!-- .wpforms-container -->\t\t\t\t<\/div>\n\t\t\t\t<\/div>\n\t\t\t\t\t<\/div>\n\t\t<\/div>\n\t\t\t\t\t<\/div>\n\t\t<\/section>\n\t\t\t\t<section class=\"elementor-section elementor-top-section elementor-element elementor-element-950ffb2 elementor-section-boxed elementor-section-height-default elementor-section-height-default\" data-id=\"950ffb2\" data-element_type=\"section\">\n\t\t\t\t\t\t<div class=\"elementor-container elementor-column-gap-default\">\n\t\t\t\t\t<div class=\"elementor-column elementor-col-100 elementor-top-column elementor-element elementor-element-02dbe17\" data-id=\"02dbe17\" data-element_type=\"column\">\n\t\t\t<div class=\"elementor-widget-wrap elementor-element-populated\">\n\t\t\t\t\t\t<div class=\"elementor-element elementor-element-2759516 elementor-widget elementor-widget-spacer\" data-id=\"2759516\" data-element_type=\"widget\" data-widget_type=\"spacer.default\">\n\t\t\t\t<div class=\"elementor-widget-container\">\n\t\t\t\t\t\t\t<div class=\"elementor-spacer\">\n\t\t\t<div class=\"elementor-spacer-inner\"><\/div>\n\t\t<\/div>\n\t\t\t\t\t\t<\/div>\n\t\t\t\t<\/div>\n\t\t\t\t\t<\/div>\n\t\t<\/div>\n\t\t\t\t\t<\/div>\n\t\t<\/section>\n\t\t\t\t<section class=\"elementor-section elementor-top-section elementor-element elementor-element-c927e5d elementor-reverse-tablet elementor-reverse-mobile elementor-section-boxed elementor-section-height-default elementor-section-height-default\" data-id=\"c927e5d\" data-element_type=\"section\">\n\t\t\t\t\t\t<div class=\"elementor-container elementor-column-gap-default\">\n\t\t\t\t\t<div class=\"elementor-column elementor-col-100 elementor-top-column elementor-element elementor-element-2ae3958 elementor-invisible\" data-id=\"2ae3958\" data-element_type=\"column\" data-settings=\"{&quot;animation&quot;:&quot;fadeInUp&quot;}\">\n\t\t\t<div class=\"elementor-widget-wrap elementor-element-populated\">\n\t\t\t\t\t\t<div class=\"elementor-element elementor-element-5095573 elementor-widget elementor-widget-google_maps\" data-id=\"5095573\" data-element_type=\"widget\" data-widget_type=\"google_maps.default\">\n\t\t\t\t<div class=\"elementor-widget-container\">\n\t\t\t\t\t\t\t<div class=\"elementor-custom-embed\">\n\t\t\t<iframe loading=\"lazy\"\n\t\t\t\t\tsrc=\"https:\/\/maps.google.com\/maps?q=Cmlcargo&#038;t=m&#038;z=15&#038;output=embed&#038;iwloc=near\"\n\t\t\t\t\ttitle=\"Cmlcargo\"\n\t\t\t\t\taria-label=\"Cmlcargo\"\n\t\t\t><\/iframe>\n\t\t<\/div>\n\t\t\t\t\t\t<\/div>\n\t\t\t\t<\/div>\n\t\t\t\t\t<\/div>\n\t\t<\/div>\n\t\t\t\t\t<\/div>\n\t\t<\/section>\n\t\t\t\t<section class=\"elementor-section elementor-top-section elementor-element elementor-element-96938d7 elementor-section-boxed elementor-section-height-default elementor-section-height-default\" data-id=\"96938d7\" data-element_type=\"section\">\n\t\t\t\t\t\t<div class=\"elementor-container elementor-column-gap-default\">\n\t\t\t\t\t<div class=\"elementor-column elementor-col-100 elementor-top-column elementor-element elementor-element-8b30b49\" data-id=\"8b30b49\" data-element_type=\"column\">\n\t\t\t<div class=\"elementor-widget-wrap elementor-element-populated\">\n\t\t\t\t\t\t<div class=\"elementor-element elementor-element-2bad4c6 elementor-widget elementor-widget-spacer\" data-id=\"2bad4c6\" data-element_type=\"widget\" data-widget_type=\"spacer.default\">\n\t\t\t\t<div class=\"elementor-widget-container\">\n\t\t\t\t\t\t\t<div class=\"elementor-spacer\">\n\t\t\t<div class=\"elementor-spacer-inner\"><\/div>\n\t\t<\/div>\n\t\t\t\t\t\t<\/div>\n\t\t\t\t<\/div>\n\t\t\t\t\t<\/div>\n\t\t<\/div>\n\t\t\t\t\t<\/div>\n\t\t<\/section>\n\t\t\t\t<\/div>\n\t\t","protected":false},"excerpt":{"rendered":"<p>\u0130leti\u015fim Lokasyon 10 Commercial Rd, Tottenham, London N18 1TP, United Kingdom Telefon: +44 330 9999 333 Email: info@cmlcargo.co.uk Bize Ula\u015f\u0131n Bizi aray\u0131n, bize bir e-posta g\u00f6nderin veya ileti\u015fim formunu doldurun, en k\u0131sa s\u00fcrede size geri d\u00f6n\u00fc\u015f yapaca\u011f\u0131z. Please enable JavaScript in your browser to complete this form.Please enable JavaScript in your browser to complete this [&hellip;]<\/p>\n","protected":false},"author":1,"featured_media":0,"parent":0,"menu_order":0,"comment_status":"closed","ping_status":"closed","template":"elementor_header_footer","meta":{"footnotes":""},"class_list":["post-6197","page","type-page","status-publish","hentry"],"yoast_head":"<!-- This site is optimized with the Yoast SEO plugin v24.5 - https:\/\/yoast.com\/wordpress\/plugins\/seo\/ -->\n<title>CML Cargo ile \u0130leti\u015fime Ge\u00e7in - G\u00fcvenilir Ta\u015f\u0131ma Hizmetleri<\/title>\n<meta name=\"description\" content=\"Uluslararas\u0131 ta\u015f\u0131nma s\u00fcreci hakk\u0131nda daha fazla bilgi almak i\u00e7in bizimle ileti\u015fime ge\u00e7ebilirsiniz. Hemen ula\u015f\u0131n, size yard\u0131mc\u0131 olal\u0131m!\" \/>\n<meta name=\"robots\" content=\"index, follow, max-snippet:-1, max-image-preview:large, max-video-preview:-1\" \/>\n<link rel=\"canonical\" href=\"https:\/\/cmlcargo.com\/tr\/iletisim\/\" \/>\n<meta property=\"og:locale\" content=\"en_GB\" \/>\n<meta property=\"og:type\" content=\"article\" \/>\n<meta property=\"og:title\" content=\"CML Cargo ile \u0130leti\u015fime Ge\u00e7in - G\u00fcvenilir Ta\u015f\u0131ma Hizmetleri\" \/>\n<meta property=\"og:description\" content=\"Uluslararas\u0131 ta\u015f\u0131nma s\u00fcreci hakk\u0131nda daha fazla bilgi almak i\u00e7in bizimle ileti\u015fime ge\u00e7ebilirsiniz. Hemen ula\u015f\u0131n, size yard\u0131mc\u0131 olal\u0131m!\" \/>\n<meta property=\"og:url\" content=\"https:\/\/cmlcargo.com\/tr\/iletisim\/\" \/>\n<meta property=\"og:site_name\" content=\"CML KARGO\" \/>\n<meta property=\"article:modified_time\" content=\"2025-02-12T21:00:48+00:00\" \/>\n<meta property=\"og:image\" content=\"https:\/\/cmlcargo.com\/tr\/wp-content\/plugins\/wpforms-lite\/assets\/images\/submit-spin.svg\" \/>\n<meta name=\"twitter:card\" content=\"summary_large_image\" \/>\n<meta name=\"twitter:label1\" content=\"Estimated reading time\" \/>\n\t<meta name=\"twitter:data1\" content=\"1 minute\" \/>\n<script type=\"application\/ld+json\" class=\"yoast-schema-graph\">{\"@context\":\"https:\/\/schema.org\",\"@graph\":[{\"@type\":\"WebPage\",\"@id\":\"https:\/\/cmlcargo.com\/tr\/iletisim\/\",\"url\":\"https:\/\/cmlcargo.com\/tr\/iletisim\/\",\"name\":\"CML Cargo ile \u0130leti\u015fime Ge\u00e7in - G\u00fcvenilir Ta\u015f\u0131ma Hizmetleri\",\"isPartOf\":{\"@id\":\"https:\/\/cmlcargo.com\/tr\/#website\"},\"primaryImageOfPage\":{\"@id\":\"https:\/\/cmlcargo.com\/tr\/iletisim\/#primaryimage\"},\"image\":{\"@id\":\"https:\/\/cmlcargo.com\/tr\/iletisim\/#primaryimage\"},\"thumbnailUrl\":\"https:\/\/cmlcargo.com\/tr\/wp-content\/plugins\/wpforms-lite\/assets\/images\/submit-spin.svg\",\"datePublished\":\"2024-07-04T03:14:27+00:00\",\"dateModified\":\"2025-02-12T21:00:48+00:00\",\"description\":\"Uluslararas\u0131 ta\u015f\u0131nma s\u00fcreci hakk\u0131nda daha fazla bilgi almak i\u00e7in bizimle ileti\u015fime ge\u00e7ebilirsiniz. Hemen ula\u015f\u0131n, size yard\u0131mc\u0131 olal\u0131m!\",\"breadcrumb\":{\"@id\":\"https:\/\/cmlcargo.com\/tr\/iletisim\/#breadcrumb\"},\"inLanguage\":\"en-GB\",\"potentialAction\":[{\"@type\":\"ReadAction\",\"target\":[\"https:\/\/cmlcargo.com\/tr\/iletisim\/\"]}]},{\"@type\":\"ImageObject\",\"inLanguage\":\"en-GB\",\"@id\":\"https:\/\/cmlcargo.com\/tr\/iletisim\/#primaryimage\",\"url\":\"https:\/\/cmlcargo.com\/tr\/wp-content\/plugins\/wpforms-lite\/assets\/images\/submit-spin.svg\",\"contentUrl\":\"https:\/\/cmlcargo.com\/tr\/wp-content\/plugins\/wpforms-lite\/assets\/images\/submit-spin.svg\"},{\"@type\":\"BreadcrumbList\",\"@id\":\"https:\/\/cmlcargo.com\/tr\/iletisim\/#breadcrumb\",\"itemListElement\":[{\"@type\":\"ListItem\",\"position\":1,\"name\":\"Home\",\"item\":\"https:\/\/cmlcargo.com\/tr\/\"},{\"@type\":\"ListItem\",\"position\":2,\"name\":\"\u0130leti\u015fim\"}]},{\"@type\":\"WebSite\",\"@id\":\"https:\/\/cmlcargo.com\/tr\/#website\",\"url\":\"https:\/\/cmlcargo.com\/tr\/\",\"name\":\"CML Cargo Turkey - International Removals\",\"description\":\"\",\"potentialAction\":[{\"@type\":\"SearchAction\",\"target\":{\"@type\":\"EntryPoint\",\"urlTemplate\":\"https:\/\/cmlcargo.com\/tr\/?s={search_term_string}\"},\"query-input\":{\"@type\":\"PropertyValueSpecification\",\"valueRequired\":true,\"valueName\":\"search_term_string\"}}],\"inLanguage\":\"en-GB\"}]}<\/script>\n<!-- \/ Yoast SEO plugin. -->","yoast_head_json":{"title":"CML Cargo ile \u0130leti\u015fime Ge\u00e7in - G\u00fcvenilir Ta\u015f\u0131ma Hizmetleri","description":"Uluslararas\u0131 ta\u015f\u0131nma s\u00fcreci hakk\u0131nda daha fazla bilgi almak i\u00e7in bizimle ileti\u015fime ge\u00e7ebilirsiniz. Hemen ula\u015f\u0131n, size yard\u0131mc\u0131 olal\u0131m!","robots":{"index":"index","follow":"follow","max-snippet":"max-snippet:-1","max-image-preview":"max-image-preview:large","max-video-preview":"max-video-preview:-1"},"canonical":"https:\/\/cmlcargo.com\/tr\/iletisim\/","og_locale":"en_GB","og_type":"article","og_title":"CML Cargo ile \u0130leti\u015fime Ge\u00e7in - G\u00fcvenilir Ta\u015f\u0131ma Hizmetleri","og_description":"Uluslararas\u0131 ta\u015f\u0131nma s\u00fcreci hakk\u0131nda daha fazla bilgi almak i\u00e7in bizimle ileti\u015fime ge\u00e7ebilirsiniz. Hemen ula\u015f\u0131n, size yard\u0131mc\u0131 olal\u0131m!","og_url":"https:\/\/cmlcargo.com\/tr\/iletisim\/","og_site_name":"CML KARGO","article_modified_time":"2025-02-12T21:00:48+00:00","og_image":[{"url":"https:\/\/cmlcargo.com\/tr\/wp-content\/plugins\/wpforms-lite\/assets\/images\/submit-spin.svg","type":"","width":"","height":""}],"twitter_card":"summary_large_image","twitter_misc":{"Estimated reading time":"1 minute"},"schema":{"@context":"https:\/\/schema.org","@graph":[{"@type":"WebPage","@id":"https:\/\/cmlcargo.com\/tr\/iletisim\/","url":"https:\/\/cmlcargo.com\/tr\/iletisim\/","name":"CML Cargo ile \u0130leti\u015fime Ge\u00e7in - G\u00fcvenilir Ta\u015f\u0131ma Hizmetleri","isPartOf":{"@id":"https:\/\/cmlcargo.com\/tr\/#website"},"primaryImageOfPage":{"@id":"https:\/\/cmlcargo.com\/tr\/iletisim\/#primaryimage"},"image":{"@id":"https:\/\/cmlcargo.com\/tr\/iletisim\/#primaryimage"},"thumbnailUrl":"https:\/\/cmlcargo.com\/tr\/wp-content\/plugins\/wpforms-lite\/assets\/images\/submit-spin.svg","datePublished":"2024-07-04T03:14:27+00:00","dateModified":"2025-02-12T21:00:48+00:00","description":"Uluslararas\u0131 ta\u015f\u0131nma s\u00fcreci hakk\u0131nda daha fazla bilgi almak i\u00e7in bizimle ileti\u015fime ge\u00e7ebilirsiniz. Hemen ula\u015f\u0131n, size yard\u0131mc\u0131 olal\u0131m!","breadcrumb":{"@id":"https:\/\/cmlcargo.com\/tr\/iletisim\/#breadcrumb"},"inLanguage":"en-GB","potentialAction":[{"@type":"ReadAction","target":["https:\/\/cmlcargo.com\/tr\/iletisim\/"]}]},{"@type":"ImageObject","inLanguage":"en-GB","@id":"https:\/\/cmlcargo.com\/tr\/iletisim\/#primaryimage","url":"https:\/\/cmlcargo.com\/tr\/wp-content\/plugins\/wpforms-lite\/assets\/images\/submit-spin.svg","contentUrl":"https:\/\/cmlcargo.com\/tr\/wp-content\/plugins\/wpforms-lite\/assets\/images\/submit-spin.svg"},{"@type":"BreadcrumbList","@id":"https:\/\/cmlcargo.com\/tr\/iletisim\/#breadcrumb","itemListElement":[{"@type":"ListItem","position":1,"name":"Home","item":"https:\/\/cmlcargo.com\/tr\/"},{"@type":"ListItem","position":2,"name":"\u0130leti\u015fim"}]},{"@type":"WebSite","@id":"https:\/\/cmlcargo.com\/tr\/#website","url":"https:\/\/cmlcargo.com\/tr\/","name":"CML Cargo Turkey - International Removals","description":"","potentialAction":[{"@type":"SearchAction","target":{"@type":"EntryPoint","urlTemplate":"https:\/\/cmlcargo.com\/tr\/?s={search_term_string}"},"query-input":{"@type":"PropertyValueSpecification","valueRequired":true,"valueName":"search_term_string"}}],"inLanguage":"en-GB"}]}},"_links":{"self":[{"href":"https:\/\/cmlcargo.com\/tr\/wp-json\/wp\/v2\/pages\/6197","targetHints":{"allow":["GET"]}}],"collection":[{"href":"https:\/\/cmlcargo.com\/tr\/wp-json\/wp\/v2\/pages"}],"about":[{"href":"https:\/\/cmlcargo.com\/tr\/wp-json\/wp\/v2\/types\/page"}],"author":[{"embeddable":true,"href":"https:\/\/cmlcargo.com\/tr\/wp-json\/wp\/v2\/users\/1"}],"replies":[{"embeddable":true,"href":"https:\/\/cmlcargo.com\/tr\/wp-json\/wp\/v2\/comments?post=6197"}],"version-history":[{"count":18,"href":"https:\/\/cmlcargo.com\/tr\/wp-json\/wp\/v2\/pages\/6197\/revisions"}],"predecessor-version":[{"id":8234,"href":"https:\/\/cmlcargo.com\/tr\/wp-json\/wp\/v2\/pages\/6197\/revisions\/8234"}],"wp:attachment":[{"href":"https:\/\/cmlcargo.com\/tr\/wp-json\/wp\/v2\/media?parent=6197"}],"curies":[{"name":"wp","href":"https:\/\/api.w.org\/{rel}","templated":true}]}}