{"id":6254,"date":"2024-07-04T06:17:44","date_gmt":"2024-07-04T05:17:44","guid":{"rendered":"https:\/\/cmlcargo.com\/tr\/?page_id=6254"},"modified":"2025-02-12T21:11:47","modified_gmt":"2025-02-12T21:11:47","slug":"hizli-teklif","status":"publish","type":"page","link":"https:\/\/cmlcargo.com\/tr\/hizli-teklif\/","title":{"rendered":"Teklif Al"},"content":{"rendered":"\t\t<div data-elementor-type=\"wp-page\" data-elementor-id=\"6254\" class=\"elementor elementor-6254\">\n\t\t\t\t\t\t<section class=\"elementor-section elementor-top-section elementor-element elementor-element-5fe2251 elementor-section-boxed elementor-section-height-default elementor-section-height-default\" data-id=\"5fe2251\" data-element_type=\"section\">\n\t\t\t\t\t\t<div class=\"elementor-container elementor-column-gap-default\">\n\t\t\t\t\t<div class=\"elementor-column elementor-col-100 elementor-top-column elementor-element elementor-element-973c12d\" data-id=\"973c12d\" data-element_type=\"column\">\n\t\t\t<div class=\"elementor-widget-wrap elementor-element-populated\">\n\t\t\t\t\t\t<div class=\"elementor-element elementor-element-bce2c2f elementor-widget elementor-widget-text-editor\" data-id=\"bce2c2f\" data-element_type=\"widget\" data-widget_type=\"text-editor.default\">\n\t\t\t\t<div class=\"elementor-widget-container\">\n\t\t\t\t\t\t\t\t\tTa\u015f\u0131nmaya Haz\u0131r M\u0131s\u0131n\u0131z?\nCML Cargo\u2019dan bir teklif almak h\u0131zl\u0131 ve kolayd\u0131r. A\u015fa\u011f\u0131daki formu ki\u015fisel bilgilerinizi ve ta\u015f\u0131nma gereksinimlerinizi doldurarak g\u00f6nderin, deneyimli ekibimizden biri ihtiya\u00e7lar\u0131n\u0131za \u00f6zel bir teklif ile en k\u0131sa s\u00fcrede size geri d\u00f6n\u00fc\u015f yapacakt\u0131r.\t\t\t\t\t\t\t\t<\/div>\n\t\t\t\t<\/div>\n\t\t\t\t<div class=\"elementor-element elementor-element-535ba7c elementor-widget elementor-widget-text-editor\" data-id=\"535ba7c\" data-element_type=\"widget\" data-widget_type=\"text-editor.default\">\n\t\t\t\t<div class=\"elementor-widget-container\">\n\t\t\t\t\t\t\t\t\t<p><strong>Alternatif olarak, an\u0131nda teklif almak i\u00e7in WhatsApp hatt\u0131m\u0131zdan bize ula\u015fabilirsiniz.<\/strong><\/p>\t\t\t\t\t\t\t\t<\/div>\n\t\t\t\t<\/div>\n\t\t\t\t\t<\/div>\n\t\t<\/div>\n\t\t\t\t\t<\/div>\n\t\t<\/section>\n\t\t\t\t<section class=\"elementor-section elementor-top-section elementor-element elementor-element-36b7dbd elementor-section-content-middle elementor-section-boxed elementor-section-height-default elementor-section-height-default\" data-id=\"36b7dbd\" data-element_type=\"section\">\n\t\t\t\t\t\t<div class=\"elementor-container elementor-column-gap-default\">\n\t\t\t\t\t<div class=\"elementor-column elementor-col-50 elementor-top-column elementor-element elementor-element-ab11582 animated-slow elementor-invisible\" data-id=\"ab11582\" data-element_type=\"column\" data-settings=\"{&quot;animation&quot;:&quot;fadeInUp&quot;,&quot;background_background&quot;:&quot;classic&quot;}\">\n\t\t\t<div class=\"elementor-widget-wrap elementor-element-populated\">\n\t\t\t\t\t\t<div class=\"elementor-element elementor-element-8050454 elementor-widget elementor-widget-heading\" data-id=\"8050454\" data-element_type=\"widget\" data-widget_type=\"heading.default\">\n\t\t\t\t<div class=\"elementor-widget-container\">\n\t\t\t\t\t<h3 class=\"elementor-heading-title elementor-size-default\">Teklif Al<\/h3>\t\t\t\t<\/div>\n\t\t\t\t<\/div>\n\t\t\t\t<div class=\"elementor-element elementor-element-8491b1e elementor-widget elementor-widget-wpforms\" data-id=\"8491b1e\" data-element_type=\"widget\" data-widget_type=\"wpforms.default\">\n\t\t\t\t<div class=\"elementor-widget-container\">\n\t\t\t\t\t<style id=\"wpforms-css-vars-elementor-widget-8491b1e\">\n\t\t\t\t.elementor-widget-wpforms.elementor-element-8491b1e {\n\t\t\t\t--wpforms-button-background-color: #FABB10;\n--wpforms-field-size-input-height: 43px;\n--wpforms-field-size-input-spacing: 15px;\n--wpforms-field-size-font-size: 16px;\n--wpforms-field-size-line-height: 19px;\n--wpforms-field-size-padding-h: 14px;\n--wpforms-field-size-checkbox-size: 16px;\n--wpforms-field-size-sublabel-spacing: 5px;\n--wpforms-field-size-icon-size: 1;\n--wpforms-label-size-font-size: 16px;\n--wpforms-label-size-line-height: 19px;\n--wpforms-label-size-sublabel-font-size: 14px;\n--wpforms-label-size-sublabel-line-height: 17px;\n--wpforms-button-size-font-size: 17px;\n--wpforms-button-size-height: 41px;\n--wpforms-button-size-padding-h: 15px;\n--wpforms-button-size-margin-top: 10px;\n\n\t\t\t}\n\t\t\t<\/style><div class=\"wpforms-container wpforms-container-full wpforms-render-modern\" id=\"wpforms-7400\"><form id=\"wpforms-form-7400\" class=\"wpforms-validate wpforms-form wpforms-ajax-form\" data-formid=\"7400\" method=\"post\" enctype=\"multipart\/form-data\" action=\"\/tr\/wp-json\/wp\/v2\/pages\/6254\" data-token=\"beb6b955b3cdffbe3d0b5a478871401b\" data-token-time=\"1776957011\"><noscript class=\"wpforms-error-noscript\">Please enable JavaScript in your browser to complete this form.<\/noscript><div class=\"wpforms-hidden\" id=\"wpforms-error-noscript\">Please enable JavaScript in your browser to complete this form.<\/div><div class=\"wpforms-field-container\"><div id=\"wpforms-7400-field_1-container\" class=\"wpforms-field wpforms-field-name\" data-field-id=\"1\"><label class=\"wpforms-field-label\" for=\"wpforms-7400-field_1\">Name <span class=\"wpforms-required-label\" aria-hidden=\"true\">*<\/span><\/label><input type=\"text\" id=\"wpforms-7400-field_1\" class=\"wpforms-field-large wpforms-field-required\" name=\"wpforms[fields][1]\" aria-errormessage=\"wpforms-7400-field_1-error\" required><\/div><div id=\"wpforms-7400-field_4-container\" class=\"wpforms-field wpforms-field-number\" data-field-id=\"4\"><label class=\"wpforms-field-label\" for=\"wpforms-7400-field_4\">Number <span class=\"wpforms-required-label\" aria-hidden=\"true\">*<\/span><\/label><input type=\"number\" id=\"wpforms-7400-field_4\" class=\"wpforms-field-large wpforms-field-required\" name=\"wpforms[fields][4]\" aria-errormessage=\"wpforms-7400-field_4-error\" required><\/div><div id=\"wpforms-7400-field_2-container\" class=\"wpforms-field wpforms-field-email\" data-field-id=\"2\"><label class=\"wpforms-field-label\" for=\"wpforms-7400-field_2\">Email <span class=\"wpforms-required-label\" aria-hidden=\"true\">*<\/span><\/label><input type=\"email\" id=\"wpforms-7400-field_2\" class=\"wpforms-field-large wpforms-field-required\" name=\"wpforms[fields][2]\" spellcheck=\"false\" aria-errormessage=\"wpforms-7400-field_2-error\" required><\/div><div id=\"wpforms-7400-field_3-container\" class=\"wpforms-field wpforms-field-textarea\" data-field-id=\"3\"><label class=\"wpforms-field-label\" for=\"wpforms-7400-field_3\">Message <span class=\"wpforms-required-label\" aria-hidden=\"true\">*<\/span><\/label><textarea id=\"wpforms-7400-field_3\" class=\"wpforms-field-medium wpforms-field-required\" name=\"wpforms[fields][3]\" aria-errormessage=\"wpforms-7400-field_3-error\" required><\/textarea><\/div><\/div><!-- .wpforms-field-container --><div class=\"wpforms-recaptcha-container wpforms-is-recaptcha wpforms-is-recaptcha-type-v3\" ><input type=\"hidden\" name=\"wpforms[recaptcha]\" value=\"\"><\/div><div class=\"wpforms-submit-container\" ><input type=\"hidden\" name=\"wpforms[id]\" value=\"7400\"><input type=\"hidden\" name=\"page_title\" value=\"\"><input type=\"hidden\" name=\"page_url\" value=\"https:\/\/cmlcargo.com\/tr\/wp-json\/wp\/v2\/pages\/6254\"><button type=\"submit\" name=\"wpforms[submit]\" id=\"wpforms-submit-7400\" class=\"wpforms-submit\" data-alt-text=\"Sending\u2026\" data-submit-text=\"Submit\" aria-live=\"assertive\" value=\"wpforms-submit\">Submit<\/button><img decoding=\"async\" src=\"https:\/\/cmlcargo.com\/tr\/wp-content\/plugins\/wpforms-lite\/assets\/images\/submit-spin.svg\" class=\"wpforms-submit-spinner\" style=\"display: none;\" width=\"26\" height=\"26\" alt=\"Loading\"><\/div><\/form><\/div>  <!-- .wpforms-container -->\t\t\t\t<\/div>\n\t\t\t\t<\/div>\n\t\t\t\t\t<\/div>\n\t\t<\/div>\n\t\t\t\t<div class=\"elementor-column elementor-col-50 elementor-top-column elementor-element elementor-element-7c0499d\" data-id=\"7c0499d\" data-element_type=\"column\">\n\t\t\t<div class=\"elementor-widget-wrap elementor-element-populated\">\n\t\t\t\t\t\t<div class=\"elementor-element elementor-element-44ef3c1 aleft elementor-widget-icon-box wgl-icon-box elementor-view-bubble elementor-widget elementor-widget-wgl-info-box\" data-id=\"44ef3c1\" data-element_type=\"widget\" data-widget_type=\"wgl-info-box.default\">\n\t\t\t\t<div class=\"elementor-widget-container\">\n\t\t\t\t\t<div class=\"wgl-infobox\"><div class=\"wgl-infobox_wrapper wgl-layout-left\"><div class=\"media-wrapper icon-wrapper\"><span class=\"wgl-icon\" ><i class=\"icon elementor-icon flaticon flaticon-paper-plane\" aria-hidden=\"true\"><\/i><\/span><\/div><div class=\"content_wrapper\"><div class=\"wgl-infobox-title_wrapper\"><h3 class=\"wgl-infobox_title\"><span class=\"wgl-infobox_title-idle\">B\u0130ZE ULA\u015eIN<\/span><\/h3><\/div><\/div><\/div><\/div>\t\t\t\t<\/div>\n\t\t\t\t<\/div>\n\t\t\t\t<div class=\"elementor-element elementor-element-f141b19 aleft elementor-widget-icon-box wgl-icon-box elementor-view-bubble animation_bubble elementor-widget elementor-widget-wgl-info-box\" data-id=\"f141b19\" data-element_type=\"widget\" data-widget_type=\"wgl-info-box.default\">\n\t\t\t\t<div class=\"elementor-widget-container\">\n\t\t\t\t\t<div class=\"wgl-infobox\"><div class=\"wgl-infobox_wrapper wgl-layout-left\"><div class=\"media-wrapper icon-wrapper\"><span class=\"wgl-icon\" ><i class=\"icon elementor-icon flaticon flaticon-location\" aria-hidden=\"true\"><\/i><\/span><\/div><div class=\"content_wrapper\"><div class=\"wgl-infobox-title_wrapper\"><h3 class=\"wgl-infobox_title\"><span class=\"wgl-infobox_title-idle\">Lokasyon<\/span><\/h3><\/div><div class=\"wgl-infobox_content\"><p><a href=\"https:\/\/www.bing.com\/ck\/a?!&amp;&amp;p=90552af9765f48b6JmltdHM9MTcxOTk2NDgwMCZpZ3VpZD0zYjlkZjYwNS05NTRkLTZiYjUtMDdkNi1mOTQ3OTQ0YzZhMDUmaW5zaWQ9NTQ5Mw&amp;ptn=3&amp;ver=2&amp;hsh=3&amp;fclid=3b9df605-954d-6bb5-07d6-f947944c6a05&amp;u=a1L21hcHM_Jm1lcGk9MTA5fn5Ub3BPZlBhZ2V-QWRkcmVzc19MaW5rJnR5PTE4JnE9Q01MJTIwQ2FyZ28mc3M9eXBpZC5ZTjEwMjl4MTA0ODU1MzQwNTg0NDM4NDk4OTcmcHBvaXM9NTEuNjEwMTY0NjQyMzMzOTg0Xy0wLjA3MzI2Njk5NzkzMzM4Nzc2X0NNTCUyMENhcmdvX1lOMTAyOXgxMDQ4NTUzNDA1ODQ0Mzg0OTg5N34mY3A9NTEuNjEwMTY1fi0wLjA3MzI2NyZ2PTImc1Y9MSZGT1JNPU1QU1JQTA&amp;ntb=1\"><span>10 Commercial Rd, Tottenham, <\/span><span>London N18 1TP, United Kingdom<\/span><\/a><\/p><\/div><\/div><\/div><\/div>\t\t\t\t<\/div>\n\t\t\t\t<\/div>\n\t\t\t\t<div class=\"elementor-element elementor-element-30d56b0 aleft elementor-widget-icon-box wgl-icon-box elementor-view-bubble animation_bubble elementor-widget elementor-widget-wgl-info-box\" data-id=\"30d56b0\" data-element_type=\"widget\" data-widget_type=\"wgl-info-box.default\">\n\t\t\t\t<div class=\"elementor-widget-container\">\n\t\t\t\t\t<div class=\"wgl-infobox\"><a class=\"wgl-infobox__link\" href=\"tel:+81231522542\"><\/a><div class=\"wgl-infobox_wrapper wgl-layout-left\"><div class=\"media-wrapper icon-wrapper\"><\/div><div class=\"content_wrapper\"><div class=\"wgl-infobox-title_wrapper\"><h3 class=\"wgl-infobox_title\"><span class=\"wgl-infobox_title-idle\">Telefon:<\/span><\/h3><\/div><div class=\"wgl-infobox_content\"><p><a href=\"tel:+443309999333\">+44 330 9999 333<\/a><\/p><\/div><\/div><\/div><\/div>\t\t\t\t<\/div>\n\t\t\t\t<\/div>\n\t\t\t\t<div class=\"elementor-element elementor-element-8c1ef49 aleft elementor-widget-icon-box wgl-icon-box elementor-view-bubble animation_bubble elementor-widget elementor-widget-wgl-info-box\" data-id=\"8c1ef49\" data-element_type=\"widget\" data-widget_type=\"wgl-info-box.default\">\n\t\t\t\t<div class=\"elementor-widget-container\">\n\t\t\t\t\t<div class=\"wgl-infobox\"><a class=\"wgl-infobox__link\" href=\"mailto:info@cmlcargo.co.uk\"><\/a><div class=\"wgl-infobox_wrapper wgl-layout-left\"><div class=\"media-wrapper icon-wrapper\"><\/div><div class=\"content_wrapper\"><div class=\"wgl-infobox-title_wrapper\"><h3 class=\"wgl-infobox_title\"><span class=\"wgl-infobox_title-idle\">Email:<\/span><\/h3><\/div><div class=\"wgl-infobox_content\"><p><a href=\"mailto:info@cmlcargo.co.uk\">info@cmlcargo.co.uk<\/a><\/p><\/div><\/div><\/div><\/div>\t\t\t\t<\/div>\n\t\t\t\t<\/div>\n\t\t\t\t\t<\/div>\n\t\t<\/div>\n\t\t\t\t\t<\/div>\n\t\t<\/section>\n\t\t\t\t<\/div>\n\t\t","protected":false},"excerpt":{"rendered":"<p>Ta\u015f\u0131nmaya Haz\u0131r M\u0131s\u0131n\u0131z? CML Cargo\u2019dan bir teklif almak h\u0131zl\u0131 ve kolayd\u0131r. A\u015fa\u011f\u0131daki formu ki\u015fisel bilgilerinizi ve ta\u015f\u0131nma gereksinimlerinizi doldurarak g\u00f6nderin, deneyimli ekibimizden biri ihtiya\u00e7lar\u0131n\u0131za \u00f6zel bir teklif ile en k\u0131sa s\u00fcrede size geri d\u00f6n\u00fc\u015f yapacakt\u0131r. Alternatif olarak, an\u0131nda teklif almak i\u00e7in WhatsApp hatt\u0131m\u0131zdan bize ula\u015fabilirsiniz. Teklif Al Please enable JavaScript in your browser to complete [&hellip;]<\/p>\n","protected":false},"author":1,"featured_media":0,"parent":0,"menu_order":0,"comment_status":"closed","ping_status":"closed","template":"","meta":{"footnotes":""},"class_list":["post-6254","page","type-page","status-publish","hentry"],"yoast_head":"<!-- This site is optimized with the Yoast SEO plugin v24.5 - https:\/\/yoast.com\/wordpress\/plugins\/seo\/ -->\n<title>H\u0131zl\u0131 ve \u00dccretsiz Nakliyat Teklifi Al | CML Cargo<\/title>\n<meta name=\"description\" content=\"Uluslararas\u0131 ta\u015f\u0131nma s\u00fcrecinizi kolayla\u015ft\u0131r\u0131n! CML Cargo\u2019dan \u00fccretsiz teklif al\u0131n ve ta\u015f\u0131nman\u0131z\u0131 hemen planlay\u0131n.\" \/>\n<meta name=\"robots\" content=\"index, follow, max-snippet:-1, max-image-preview:large, max-video-preview:-1\" \/>\n<link rel=\"canonical\" href=\"https:\/\/cmlcargo.com\/tr\/hizli-teklif\/\" \/>\n<meta property=\"og:locale\" content=\"en_GB\" \/>\n<meta property=\"og:type\" content=\"article\" \/>\n<meta property=\"og:title\" content=\"H\u0131zl\u0131 ve \u00dccretsiz Nakliyat Teklifi Al | CML Cargo\" \/>\n<meta property=\"og:description\" content=\"Uluslararas\u0131 ta\u015f\u0131nma s\u00fcrecinizi kolayla\u015ft\u0131r\u0131n! CML Cargo\u2019dan \u00fccretsiz teklif al\u0131n ve ta\u015f\u0131nman\u0131z\u0131 hemen planlay\u0131n.\" \/>\n<meta property=\"og:url\" content=\"https:\/\/cmlcargo.com\/tr\/hizli-teklif\/\" \/>\n<meta property=\"og:site_name\" content=\"CML KARGO\" \/>\n<meta property=\"article:modified_time\" content=\"2025-02-12T21:11:47+00:00\" \/>\n<meta property=\"og:image\" content=\"https:\/\/cmlcargo.com\/tr\/wp-content\/plugins\/wpforms-lite\/assets\/images\/submit-spin.svg\" \/>\n<meta name=\"twitter:card\" content=\"summary_large_image\" \/>\n<meta name=\"twitter:label1\" content=\"Estimated reading time\" \/>\n\t<meta name=\"twitter:data1\" content=\"1 minute\" \/>\n<script type=\"application\/ld+json\" class=\"yoast-schema-graph\">{\"@context\":\"https:\/\/schema.org\",\"@graph\":[{\"@type\":\"WebPage\",\"@id\":\"https:\/\/cmlcargo.com\/tr\/hizli-teklif\/\",\"url\":\"https:\/\/cmlcargo.com\/tr\/hizli-teklif\/\",\"name\":\"H\u0131zl\u0131 ve \u00dccretsiz Nakliyat Teklifi Al | CML Cargo\",\"isPartOf\":{\"@id\":\"https:\/\/cmlcargo.com\/tr\/#website\"},\"primaryImageOfPage\":{\"@id\":\"https:\/\/cmlcargo.com\/tr\/hizli-teklif\/#primaryimage\"},\"image\":{\"@id\":\"https:\/\/cmlcargo.com\/tr\/hizli-teklif\/#primaryimage\"},\"thumbnailUrl\":\"https:\/\/cmlcargo.com\/tr\/wp-content\/plugins\/wpforms-lite\/assets\/images\/submit-spin.svg\",\"datePublished\":\"2024-07-04T05:17:44+00:00\",\"dateModified\":\"2025-02-12T21:11:47+00:00\",\"description\":\"Uluslararas\u0131 ta\u015f\u0131nma s\u00fcrecinizi kolayla\u015ft\u0131r\u0131n! CML Cargo\u2019dan \u00fccretsiz teklif al\u0131n ve ta\u015f\u0131nman\u0131z\u0131 hemen planlay\u0131n.\",\"breadcrumb\":{\"@id\":\"https:\/\/cmlcargo.com\/tr\/hizli-teklif\/#breadcrumb\"},\"inLanguage\":\"en-GB\",\"potentialAction\":[{\"@type\":\"ReadAction\",\"target\":[\"https:\/\/cmlcargo.com\/tr\/hizli-teklif\/\"]}]},{\"@type\":\"ImageObject\",\"inLanguage\":\"en-GB\",\"@id\":\"https:\/\/cmlcargo.com\/tr\/hizli-teklif\/#primaryimage\",\"url\":\"https:\/\/cmlcargo.com\/tr\/wp-content\/plugins\/wpforms-lite\/assets\/images\/submit-spin.svg\",\"contentUrl\":\"https:\/\/cmlcargo.com\/tr\/wp-content\/plugins\/wpforms-lite\/assets\/images\/submit-spin.svg\"},{\"@type\":\"BreadcrumbList\",\"@id\":\"https:\/\/cmlcargo.com\/tr\/hizli-teklif\/#breadcrumb\",\"itemListElement\":[{\"@type\":\"ListItem\",\"position\":1,\"name\":\"Home\",\"item\":\"https:\/\/cmlcargo.com\/tr\/\"},{\"@type\":\"ListItem\",\"position\":2,\"name\":\"Teklif Al\"}]},{\"@type\":\"WebSite\",\"@id\":\"https:\/\/cmlcargo.com\/tr\/#website\",\"url\":\"https:\/\/cmlcargo.com\/tr\/\",\"name\":\"CML Cargo Turkey - International Removals\",\"description\":\"\",\"potentialAction\":[{\"@type\":\"SearchAction\",\"target\":{\"@type\":\"EntryPoint\",\"urlTemplate\":\"https:\/\/cmlcargo.com\/tr\/?s={search_term_string}\"},\"query-input\":{\"@type\":\"PropertyValueSpecification\",\"valueRequired\":true,\"valueName\":\"search_term_string\"}}],\"inLanguage\":\"en-GB\"}]}<\/script>\n<!-- \/ Yoast SEO plugin. -->","yoast_head_json":{"title":"H\u0131zl\u0131 ve \u00dccretsiz Nakliyat Teklifi Al | CML Cargo","description":"Uluslararas\u0131 ta\u015f\u0131nma s\u00fcrecinizi kolayla\u015ft\u0131r\u0131n! CML Cargo\u2019dan \u00fccretsiz teklif al\u0131n ve ta\u015f\u0131nman\u0131z\u0131 hemen planlay\u0131n.","robots":{"index":"index","follow":"follow","max-snippet":"max-snippet:-1","max-image-preview":"max-image-preview:large","max-video-preview":"max-video-preview:-1"},"canonical":"https:\/\/cmlcargo.com\/tr\/hizli-teklif\/","og_locale":"en_GB","og_type":"article","og_title":"H\u0131zl\u0131 ve \u00dccretsiz Nakliyat Teklifi Al | CML Cargo","og_description":"Uluslararas\u0131 ta\u015f\u0131nma s\u00fcrecinizi kolayla\u015ft\u0131r\u0131n! CML Cargo\u2019dan \u00fccretsiz teklif al\u0131n ve ta\u015f\u0131nman\u0131z\u0131 hemen planlay\u0131n.","og_url":"https:\/\/cmlcargo.com\/tr\/hizli-teklif\/","og_site_name":"CML KARGO","article_modified_time":"2025-02-12T21:11:47+00:00","og_image":[{"url":"https:\/\/cmlcargo.com\/tr\/wp-content\/plugins\/wpforms-lite\/assets\/images\/submit-spin.svg","type":"","width":"","height":""}],"twitter_card":"summary_large_image","twitter_misc":{"Estimated reading time":"1 minute"},"schema":{"@context":"https:\/\/schema.org","@graph":[{"@type":"WebPage","@id":"https:\/\/cmlcargo.com\/tr\/hizli-teklif\/","url":"https:\/\/cmlcargo.com\/tr\/hizli-teklif\/","name":"H\u0131zl\u0131 ve \u00dccretsiz Nakliyat Teklifi Al | CML Cargo","isPartOf":{"@id":"https:\/\/cmlcargo.com\/tr\/#website"},"primaryImageOfPage":{"@id":"https:\/\/cmlcargo.com\/tr\/hizli-teklif\/#primaryimage"},"image":{"@id":"https:\/\/cmlcargo.com\/tr\/hizli-teklif\/#primaryimage"},"thumbnailUrl":"https:\/\/cmlcargo.com\/tr\/wp-content\/plugins\/wpforms-lite\/assets\/images\/submit-spin.svg","datePublished":"2024-07-04T05:17:44+00:00","dateModified":"2025-02-12T21:11:47+00:00","description":"Uluslararas\u0131 ta\u015f\u0131nma s\u00fcrecinizi kolayla\u015ft\u0131r\u0131n! CML Cargo\u2019dan \u00fccretsiz teklif al\u0131n ve ta\u015f\u0131nman\u0131z\u0131 hemen planlay\u0131n.","breadcrumb":{"@id":"https:\/\/cmlcargo.com\/tr\/hizli-teklif\/#breadcrumb"},"inLanguage":"en-GB","potentialAction":[{"@type":"ReadAction","target":["https:\/\/cmlcargo.com\/tr\/hizli-teklif\/"]}]},{"@type":"ImageObject","inLanguage":"en-GB","@id":"https:\/\/cmlcargo.com\/tr\/hizli-teklif\/#primaryimage","url":"https:\/\/cmlcargo.com\/tr\/wp-content\/plugins\/wpforms-lite\/assets\/images\/submit-spin.svg","contentUrl":"https:\/\/cmlcargo.com\/tr\/wp-content\/plugins\/wpforms-lite\/assets\/images\/submit-spin.svg"},{"@type":"BreadcrumbList","@id":"https:\/\/cmlcargo.com\/tr\/hizli-teklif\/#breadcrumb","itemListElement":[{"@type":"ListItem","position":1,"name":"Home","item":"https:\/\/cmlcargo.com\/tr\/"},{"@type":"ListItem","position":2,"name":"Teklif Al"}]},{"@type":"WebSite","@id":"https:\/\/cmlcargo.com\/tr\/#website","url":"https:\/\/cmlcargo.com\/tr\/","name":"CML Cargo Turkey - International Removals","description":"","potentialAction":[{"@type":"SearchAction","target":{"@type":"EntryPoint","urlTemplate":"https:\/\/cmlcargo.com\/tr\/?s={search_term_string}"},"query-input":{"@type":"PropertyValueSpecification","valueRequired":true,"valueName":"search_term_string"}}],"inLanguage":"en-GB"}]}},"_links":{"self":[{"href":"https:\/\/cmlcargo.com\/tr\/wp-json\/wp\/v2\/pages\/6254","targetHints":{"allow":["GET"]}}],"collection":[{"href":"https:\/\/cmlcargo.com\/tr\/wp-json\/wp\/v2\/pages"}],"about":[{"href":"https:\/\/cmlcargo.com\/tr\/wp-json\/wp\/v2\/types\/page"}],"author":[{"embeddable":true,"href":"https:\/\/cmlcargo.com\/tr\/wp-json\/wp\/v2\/users\/1"}],"replies":[{"embeddable":true,"href":"https:\/\/cmlcargo.com\/tr\/wp-json\/wp\/v2\/comments?post=6254"}],"version-history":[{"count":23,"href":"https:\/\/cmlcargo.com\/tr\/wp-json\/wp\/v2\/pages\/6254\/revisions"}],"predecessor-version":[{"id":8237,"href":"https:\/\/cmlcargo.com\/tr\/wp-json\/wp\/v2\/pages\/6254\/revisions\/8237"}],"wp:attachment":[{"href":"https:\/\/cmlcargo.com\/tr\/wp-json\/wp\/v2\/media?parent=6254"}],"curies":[{"name":"wp","href":"https:\/\/api.w.org\/{rel}","templated":true}]}}